{"id":144,"date":"2024-05-03T15:11:14","date_gmt":"2024-05-03T13:11:14","guid":{"rendered":"https:\/\/www.prosensio.fr\/?page_id=144"},"modified":"2024-07-03T16:36:28","modified_gmt":"2024-07-03T14:36:28","slug":"nos-activites","status":"publish","type":"page","link":"https:\/\/www.prosensio.fr\/index.php\/nos-activites\/","title":{"rendered":"Nos Activit\u00e9s"},"content":{"rendered":"<div class=\"wp-block-image\">\n<figure class=\"aligncenter size-large is-resized\"><img fetchpriority=\"high\" decoding=\"async\" width=\"1024\" height=\"576\" src=\"http:\/\/www.prosensio.fr\/wp-content\/uploads\/2024\/05\/AdobeStock_254487811-1024x576.jpeg\" alt=\"\" class=\"wp-image-146\" style=\"width:330px;height:auto\" srcset=\"https:\/\/www.prosensio.fr\/wp-content\/uploads\/2024\/05\/AdobeStock_254487811-1024x576.jpeg 1024w, https:\/\/www.prosensio.fr\/wp-content\/uploads\/2024\/05\/AdobeStock_254487811-300x169.jpeg 300w, https:\/\/www.prosensio.fr\/wp-content\/uploads\/2024\/05\/AdobeStock_254487811-768x432.jpeg 768w, https:\/\/www.prosensio.fr\/wp-content\/uploads\/2024\/05\/AdobeStock_254487811-1536x864.jpeg 1536w, https:\/\/www.prosensio.fr\/wp-content\/uploads\/2024\/05\/AdobeStock_254487811-2048x1152.jpeg 2048w\" sizes=\"(max-width: 1024px) 100vw, 1024px\" \/><\/figure>\n<\/div>\n\n\n<div class=\"wp-block-essential-blocks-advanced-heading\"><div class=\"eb-parent-wrapper eb-parent-eb-advance-heading-udzyg \"><div class=\"eb-advance-heading-wrapper eb-advance-heading-udzyg button-1\" data-id=\"eb-advance-heading-udzyg\"><h5 class=\"eb-ah-title\"><br>Entreprise de conseil dans le domaine Automatisme et Informatique Industrielle, ProSensIO vous accompagne dans vos projets de cr\u00e9ation ou de modification des process industriels et vos projets de transformation digitale. <br><br><\/h5><\/div><\/div><\/div>\n\n\n\n<div style=\"height:25px\" aria-hidden=\"true\" class=\"wp-block-spacer\"><\/div>\n\n\n<div class=\"wp-block-image\">\n<figure class=\"aligncenter size-large\"><img decoding=\"async\" width=\"1024\" height=\"341\" src=\"https:\/\/www.prosensio.fr\/wp-content\/uploads\/2024\/05\/image-1024x341.png\" alt=\"\" class=\"wp-image-155\" srcset=\"https:\/\/www.prosensio.fr\/wp-content\/uploads\/2024\/05\/image-1024x341.png 1024w, https:\/\/www.prosensio.fr\/wp-content\/uploads\/2024\/05\/image-300x100.png 300w, https:\/\/www.prosensio.fr\/wp-content\/uploads\/2024\/05\/image-768x256.png 768w, https:\/\/www.prosensio.fr\/wp-content\/uploads\/2024\/05\/image-1536x512.png 1536w, https:\/\/www.prosensio.fr\/wp-content\/uploads\/2024\/05\/image.png 1801w\" sizes=\"(max-width: 1024px) 100vw, 1024px\" \/><\/figure>\n<\/div>\n\n\n<div style=\"height:18px\" aria-hidden=\"true\" class=\"wp-block-spacer\"><\/div>\n\n\n\n<div class=\"wp-block-essential-blocks-accordion\"><div class=\"eb-parent-wrapper eb-parent-eb-accordion-nd2c9 \"><div class=\"eb-accordion-container eb-accordion-nd2c9\" data-accordion-type=\"accordion\" data-tab-icon=\"fas fa-angle-right\" data-expanded-icon=\"fas fa-angle-down\" data-transition-duration=\"500\"><div class=\"eb-accordion-inner\">\n<div class=\"eb-accordion-item-7wwaf eb-accordion-wrapper\" data-clickable=\"false\"><div class=\"eb-accordion-title-wrapper\" tabindex=\"0\"><span class=\"eb-accordion-icon-wrapper\"><span class=\"fas fa-angle-right eb-accordion-icon\"><\/span><\/span><h5 class=\"eb-accordion-title\">Audit &amp; Conseil<\/h5><\/div><div class=\"eb-accordion-content-wrapper\"><div class=\"eb-accordion-content\">\n<ul class=\"wp-block-list\">\n<li>Identifier les \u00e9l\u00e9ments r\u00e9pondant \u00e0 votre probl\u00e9matique.<\/li>\n\n\n\n<li>Vous proposer des pistes d\u2019am\u00e9lioration ou d\u2019optimisation.<\/li>\n\n\n\n<li>Vous aider dans vos choix d&rsquo;architecture ou vos choix techniques.<\/li>\n<\/ul>\n<\/div><\/div><\/div>\n\n\n\n<div class=\"eb-accordion-item-q92wv eb-accordion-wrapper\" data-clickable=\"false\"><div class=\"eb-accordion-title-wrapper\" tabindex=\"0\"><span class=\"eb-accordion-icon-wrapper\"><span class=\"fas fa-angle-right eb-accordion-icon\"><\/span><\/span><h5 class=\"eb-accordion-title\">Etude de Faisabilit\u00e9<\/h5><\/div><div class=\"eb-accordion-content-wrapper\"><div class=\"eb-accordion-content\">\n<ul class=\"wp-block-list\">\n<li>Analyser les technologies d\u00e9j\u00e0 pr\u00e9sentes au sein de votre entreprise.<\/li>\n\n\n\n<li>Identifier si des adaptations ou de nouvelles acquisitions sont n\u00e9cessaires.<\/li>\n\n\n\n<li>R\u00e9aliser une preuve de concept.<\/li>\n<\/ul>\n<\/div><\/div><\/div>\n\n\n\n<div class=\"eb-accordion-item-dupv3 eb-accordion-wrapper\" data-clickable=\"false\"><div class=\"eb-accordion-title-wrapper\" tabindex=\"0\"><span class=\"eb-accordion-icon-wrapper\"><span class=\"fas fa-angle-right eb-accordion-icon\"><\/span><\/span><h5 class=\"eb-accordion-title\">Etude Avant-Projet<\/h5><\/div><div class=\"eb-accordion-content-wrapper\"><div class=\"eb-accordion-content\">\n<ul class=\"wp-block-list\">\n<li>\u00c9valuer la faisabilit\u00e9 technique et \u00e9conomique<\/li>\n\n\n\n<li>Identifier les risques potentiels (techniques, op\u00e9rationnels).<\/li>\n\n\n\n<li>Proposer des mesures d\u2019att\u00e9nuation.<\/li>\n\n\n\n<li>\u00c9tablir un calendrier pr\u00e9visionnel des diff\u00e9rentes phases de votre projet.<\/li>\n<\/ul>\n<\/div><\/div><\/div>\n\n\n\n<div class=\"eb-accordion-item-7efui eb-accordion-wrapper\" data-clickable=\"false\"><div class=\"eb-accordion-title-wrapper\" tabindex=\"0\"><span class=\"eb-accordion-icon-wrapper\"><span class=\"fas fa-angle-right eb-accordion-icon\"><\/span><\/span><h5 class=\"eb-accordion-title\">Etude de D\u00e9tails<\/h5><\/div><div class=\"eb-accordion-content-wrapper\"><div class=\"eb-accordion-content\">\n<ul class=\"wp-block-list\">\n<li>Approfondir l\u2019\u00e9tude avant-projet afin de lever toutes les zones d\u2019ombre de votre projet sur les champs techniques, \u00e9conomiques et organisationnels.<\/li>\n\n\n\n<li>Fournir une \u00e9tude permettant le passage \u00e0 la r\u00e9alisation de votre projet.<\/li>\n<\/ul>\n<\/div><\/div><\/div>\n\n\n\n<div class=\"eb-accordion-item-rg9tt eb-accordion-wrapper\" data-clickable=\"false\"><div class=\"eb-accordion-title-wrapper\" tabindex=\"0\"><span class=\"eb-accordion-icon-wrapper\"><span class=\"fas fa-angle-right eb-accordion-icon\"><\/span><\/span><h5 class=\"eb-accordion-title\">Suivi de R\u00e9alisation<\/h5><\/div><div class=\"eb-accordion-content-wrapper\"><div class=\"eb-accordion-content\">\n<ul class=\"wp-block-list\">\n<li>Garantir le respect qualit\u00e9, co\u00fbt, d\u00e9lai de votre projet.<\/li>\n\n\n\n<li>Anticiper et r\u00e9soudre les probl\u00e9matiques en cours de projet.<\/li>\n<\/ul>\n<\/div><\/div><\/div>\n\n\n\n<div class=\"eb-accordion-item-qxouh eb-accordion-wrapper\" data-clickable=\"false\"><div class=\"eb-accordion-title-wrapper\" tabindex=\"0\"><span class=\"eb-accordion-icon-wrapper\"><span class=\"fas fa-angle-right eb-accordion-icon\"><\/span><\/span><h5 class=\"eb-accordion-title\">D\u00e9veloppement<\/h5><\/div><div class=\"eb-accordion-content-wrapper\"><div class=\"eb-accordion-content\">\n<ul class=\"wp-block-list\">\n<li>\u00catre force de proposition pour une solution sur mesure.<\/li>\n\n\n\n<li>Vous fournir un syst\u00e8me install\u00e9 et test\u00e9 en conditions r\u00e9elles sur site.<\/li>\n\n\n\n<li>Accompagner le d\u00e9marrage de l\u2019installation pour lever les al\u00e9as \u00e9ventuels.<\/li>\n<\/ul>\n<\/div><\/div><\/div>\n<\/div><\/div><\/div><\/div>\n\n\n\n<div style=\"height:60px\" aria-hidden=\"true\" class=\"wp-block-spacer\"><\/div>\n\n\n\n<div class=\"wp-block-essential-blocks-advanced-image\"><div class=\"eb-parent-wrapper eb-parent-eb-advanced-image-8k4ww \"><figure class=\"eb-advanced-image-wrapper eb-advanced-image-8k4ww img-style-rounded caption-style-1 caption-horizontal-center caption-vertical-bottom bottom no-effect\" data-id=\"eb-advanced-image-8k4ww\"><div class=\"image-wrapper\"><img decoding=\"async\" src=\"http:\/\/www.prosensio.fr\/wp-content\/uploads\/2024\/05\/bandeau-horizontal-fin.jpg\" alt=\"\"\/><\/div><\/figure><\/div><\/div>\n","protected":false},"excerpt":{"rendered":"","protected":false},"author":1,"featured_media":0,"parent":0,"menu_order":0,"comment_status":"closed","ping_status":"closed","template":"page-templates\/full-width-container.php","meta":{"_eb_attr":"","om_disable_all_campaigns":false,"_monsterinsights_skip_tracking":false,"_monsterinsights_sitenote_active":false,"_monsterinsights_sitenote_note":"","_monsterinsights_sitenote_category":0,"footnotes":""},"class_list":["post-144","page","type-page","status-publish","hentry"],"aioseo_notices":[],"_links":{"self":[{"href":"https:\/\/www.prosensio.fr\/index.php\/wp-json\/wp\/v2\/pages\/144","targetHints":{"allow":["GET"]}}],"collection":[{"href":"https:\/\/www.prosensio.fr\/index.php\/wp-json\/wp\/v2\/pages"}],"about":[{"href":"https:\/\/www.prosensio.fr\/index.php\/wp-json\/wp\/v2\/types\/page"}],"author":[{"embeddable":true,"href":"https:\/\/www.prosensio.fr\/index.php\/wp-json\/wp\/v2\/users\/1"}],"replies":[{"embeddable":true,"href":"https:\/\/www.prosensio.fr\/index.php\/wp-json\/wp\/v2\/comments?post=144"}],"version-history":[{"count":25,"href":"https:\/\/www.prosensio.fr\/index.php\/wp-json\/wp\/v2\/pages\/144\/revisions"}],"predecessor-version":[{"id":364,"href":"https:\/\/www.prosensio.fr\/index.php\/wp-json\/wp\/v2\/pages\/144\/revisions\/364"}],"wp:attachment":[{"href":"https:\/\/www.prosensio.fr\/index.php\/wp-json\/wp\/v2\/media?parent=144"}],"curies":[{"name":"wp","href":"https:\/\/api.w.org\/{rel}","templated":true}]}}