{"id":334,"date":"2024-06-22T09:28:19","date_gmt":"2024-06-22T07:28:19","guid":{"rendered":"https:\/\/www.prosensio.fr\/?page_id=334"},"modified":"2024-06-24T08:36:15","modified_gmt":"2024-06-24T06:36:15","slug":"nos-atouts","status":"publish","type":"page","link":"https:\/\/www.prosensio.fr\/index.php\/nos-atouts\/","title":{"rendered":"Nos Atouts"},"content":{"rendered":"<div class=\"wp-block-image\">\n<figure class=\"aligncenter size-large is-resized\"><img fetchpriority=\"high\" decoding=\"async\" width=\"1024\" height=\"600\" src=\"http:\/\/www.prosensio.fr\/wp-content\/uploads\/2024\/05\/AdobeStock_267894883_2-1024x600.jpeg\" alt=\"\" class=\"wp-image-233\" style=\"width:302px;height:auto\" srcset=\"https:\/\/www.prosensio.fr\/wp-content\/uploads\/2024\/05\/AdobeStock_267894883_2-1024x600.jpeg 1024w, https:\/\/www.prosensio.fr\/wp-content\/uploads\/2024\/05\/AdobeStock_267894883_2-300x176.jpeg 300w, https:\/\/www.prosensio.fr\/wp-content\/uploads\/2024\/05\/AdobeStock_267894883_2-768x450.jpeg 768w, https:\/\/www.prosensio.fr\/wp-content\/uploads\/2024\/05\/AdobeStock_267894883_2-1536x900.jpeg 1536w, https:\/\/www.prosensio.fr\/wp-content\/uploads\/2024\/05\/AdobeStock_267894883_2-2048x1200.jpeg 2048w\" sizes=\"(max-width: 1024px) 100vw, 1024px\" \/><\/figure>\n<\/div>\n\n\n<div class=\"wp-block-essential-blocks-advanced-heading\"><div class=\"eb-parent-wrapper eb-parent-eb-advance-heading-o4ijk \"><div class=\"eb-advance-heading-wrapper eb-advance-heading-o4ijk button-1\" data-id=\"eb-advance-heading-o4ijk\"><h5 class=\"eb-ah-title\"><br>Gr\u00e2ce \u00e0 un savoir-faire et un savoir \u00eatre toujours orient\u00e9s vers la satisfaction client, vous serez au centre de nos pr\u00e9occupations : sentir et comprendre vos besoins fait partie de notre ADN.<br><br><\/h5><\/div><\/div><\/div>\n\n\n\n<div style=\"height:50px\" aria-hidden=\"true\" class=\"wp-block-spacer\"><\/div>\n\n\n\n<div class=\"wp-block-media-text is-stacked-on-mobile\" style=\"grid-template-columns:15% auto\"><figure class=\"wp-block-media-text__media\"><img decoding=\"async\" width=\"500\" height=\"500\" src=\"https:\/\/www.prosensio.fr\/wp-content\/uploads\/2024\/05\/Humain-1.png\" alt=\"\" class=\"wp-image-253 size-full\" srcset=\"https:\/\/www.prosensio.fr\/wp-content\/uploads\/2024\/05\/Humain-1.png 500w, https:\/\/www.prosensio.fr\/wp-content\/uploads\/2024\/05\/Humain-1-300x300.png 300w, https:\/\/www.prosensio.fr\/wp-content\/uploads\/2024\/05\/Humain-1-150x150.png 150w\" sizes=\"(max-width: 500px) 100vw, 500px\" \/><\/figure><div class=\"wp-block-media-text__content\">\n<h3 class=\"wp-block-heading\" style=\"font-size:30px\">L&rsquo;HUMAIN COMME PRIORITE<\/h3>\n\n\n\n<p>Notre entreprise place l\u2019humain au c\u0153ur de toutes nos actions. Ainsi, notre objectif est de collaborer \u00e9troitement avec nos clients, d\u2019\u00e9couter leurs besoins et de partager nos connaissances pour trouver des solutions adapt\u00e9es. Nous croyons que la r\u00e9ussite r\u00e9side dans les relations solides que nous construisons avec nos partenaires.<\/p>\n<\/div><\/div>\n\n\n\n<div style=\"height:50px\" aria-hidden=\"true\" class=\"wp-block-spacer\"><\/div>\n\n\n\n<div class=\"wp-block-media-text is-stacked-on-mobile\" style=\"grid-template-columns:15% auto\"><figure class=\"wp-block-media-text__media\"><img decoding=\"async\" width=\"602\" height=\"594\" src=\"https:\/\/www.prosensio.fr\/wp-content\/uploads\/2024\/05\/Vision-2-1.png\" alt=\"\" class=\"wp-image-254 size-full\" srcset=\"https:\/\/www.prosensio.fr\/wp-content\/uploads\/2024\/05\/Vision-2-1.png 602w, https:\/\/www.prosensio.fr\/wp-content\/uploads\/2024\/05\/Vision-2-1-300x296.png 300w\" sizes=\"(max-width: 602px) 100vw, 602px\" \/><\/figure><div class=\"wp-block-media-text__content\">\n<h3 class=\"wp-block-heading\" style=\"font-size:30px\">LA FINESSE DE NOTRE ANALYSE<\/h3>\n\n\n\n<p>Comprendre les besoins du client est essentiel pour nous. Nous ne nous contentons pas de r\u00e9soudre des probl\u00e8mes techniques, mais nous cherchons \u00e0 anticiper les d\u00e9fis futurs. Notre vision consiste \u00e0 \u00eatre proactifs, \u00e0 identifier les opportunit\u00e9s et \u00e0 proposer des solutions innovantes qui r\u00e9pondent aux besoins sp\u00e9cifiques de chaque client.<\/p>\n<\/div><\/div>\n\n\n\n<div style=\"height:50px\" aria-hidden=\"true\" class=\"wp-block-spacer\"><\/div>\n\n\n\n<div class=\"wp-block-media-text is-stacked-on-mobile\" style=\"grid-template-columns:15% auto\"><figure class=\"wp-block-media-text__media\"><img loading=\"lazy\" decoding=\"async\" width=\"500\" height=\"500\" src=\"https:\/\/www.prosensio.fr\/wp-content\/uploads\/2024\/05\/Competences.png\" alt=\"\" class=\"wp-image-133 size-full\" srcset=\"https:\/\/www.prosensio.fr\/wp-content\/uploads\/2024\/05\/Competences.png 500w, https:\/\/www.prosensio.fr\/wp-content\/uploads\/2024\/05\/Competences-300x300.png 300w, https:\/\/www.prosensio.fr\/wp-content\/uploads\/2024\/05\/Competences-150x150.png 150w\" sizes=\"(max-width: 500px) 100vw, 500px\" \/><\/figure><div class=\"wp-block-media-text__content\">\n<h3 class=\"wp-block-heading\" style=\"font-size:30px\">NOS COMPETENCES A VOTRE SERVICE<\/h3>\n\n\n\n<p>Notre \u00e9quipe poss\u00e8de des comp\u00e9tences techniques solides dans le domaine de l\u2019automatisme et de l\u2019informatique industrielle. Nous mettons donc ces comp\u00e9tences au service de nos clients pour les aider \u00e0 r\u00e9soudre leurs probl\u00e9matiques complexes. Notre approche est pragmatique, ax\u00e9e sur des solutions concr\u00e8tes et efficaces.<\/p>\n<\/div><\/div>\n\n\n\n<div class=\"wp-block-columns is-layout-flex wp-container-core-columns-is-layout-9d6595d7 wp-block-columns-is-layout-flex\">\n<div class=\"wp-block-column is-layout-flow wp-block-column-is-layout-flow\" style=\"flex-basis:100%\"><\/div>\n<\/div>\n\n\n\n<div style=\"height:60px\" aria-hidden=\"true\" class=\"wp-block-spacer\"><\/div>\n\n\n\n<div class=\"wp-block-essential-blocks-advanced-image\"><div class=\"eb-parent-wrapper eb-parent-eb-advanced-image-bq43t \"><figure class=\"eb-advanced-image-wrapper eb-advanced-image-bq43t img-style-rounded caption-style-1 caption-horizontal-center caption-vertical-bottom bottom no-effect\" data-id=\"eb-advanced-image-bq43t\"><div class=\"image-wrapper\"><img decoding=\"async\" src=\"http:\/\/www.prosensio.fr\/wp-content\/uploads\/2024\/05\/bandeau-horizontal-fin.jpg\" alt=\"\"\/><\/div><\/figure><\/div><\/div>\n","protected":false},"excerpt":{"rendered":"<p>L&rsquo;HUMAIN COMME PRIORITE Notre entreprise place l\u2019humain au c\u0153ur de toutes nos actions. Ainsi, notre objectif est de collaborer \u00e9troitement avec nos clients, d\u2019\u00e9couter leurs besoins et de partager nos connaissances pour trouver des solutions adapt\u00e9es. Nous croyons que la r\u00e9ussite r\u00e9side dans les relations solides que nous construisons avec nos partenaires. LA FINESSE DE NOTRE ANALYSE Comprendre les besoins [&hellip;]<\/p>\n","protected":false},"author":1,"featured_media":0,"parent":0,"menu_order":0,"comment_status":"closed","ping_status":"closed","template":"page-templates\/full-width-container.php","meta":{"_eb_attr":"","om_disable_all_campaigns":false,"_monsterinsights_skip_tracking":false,"_monsterinsights_sitenote_active":false,"_monsterinsights_sitenote_note":"","_monsterinsights_sitenote_category":0,"footnotes":""},"class_list":["post-334","page","type-page","status-publish","hentry"],"aioseo_notices":[],"_links":{"self":[{"href":"https:\/\/www.prosensio.fr\/index.php\/wp-json\/wp\/v2\/pages\/334","targetHints":{"allow":["GET"]}}],"collection":[{"href":"https:\/\/www.prosensio.fr\/index.php\/wp-json\/wp\/v2\/pages"}],"about":[{"href":"https:\/\/www.prosensio.fr\/index.php\/wp-json\/wp\/v2\/types\/page"}],"author":[{"embeddable":true,"href":"https:\/\/www.prosensio.fr\/index.php\/wp-json\/wp\/v2\/users\/1"}],"replies":[{"embeddable":true,"href":"https:\/\/www.prosensio.fr\/index.php\/wp-json\/wp\/v2\/comments?post=334"}],"version-history":[{"count":7,"href":"https:\/\/www.prosensio.fr\/index.php\/wp-json\/wp\/v2\/pages\/334\/revisions"}],"predecessor-version":[{"id":349,"href":"https:\/\/www.prosensio.fr\/index.php\/wp-json\/wp\/v2\/pages\/334\/revisions\/349"}],"wp:attachment":[{"href":"https:\/\/www.prosensio.fr\/index.php\/wp-json\/wp\/v2\/media?parent=334"}],"curies":[{"name":"wp","href":"https:\/\/api.w.org\/{rel}","templated":true}]}}