{"id":93,"date":"2024-04-01T14:23:56","date_gmt":"2024-04-01T12:23:56","guid":{"rendered":"https:\/\/www.prosensio.fr\/?page_id=93"},"modified":"2024-06-22T09:26:11","modified_gmt":"2024-06-22T07:26:11","slug":"nos-valeurs","status":"publish","type":"page","link":"https:\/\/www.prosensio.fr\/index.php\/nos-valeurs\/","title":{"rendered":"Nos Valeurs"},"content":{"rendered":"<div class=\"wp-block-image\">\n<figure class=\"aligncenter size-large is-resized\"><img fetchpriority=\"high\" decoding=\"async\" width=\"1024\" height=\"683\" src=\"http:\/\/www.prosensio.fr\/wp-content\/uploads\/2024\/05\/AdobeStock_486022013-1024x683.jpeg\" alt=\"\" class=\"wp-image-137\" style=\"width:302px;height:auto\" srcset=\"https:\/\/www.prosensio.fr\/wp-content\/uploads\/2024\/05\/AdobeStock_486022013-1024x683.jpeg 1024w, https:\/\/www.prosensio.fr\/wp-content\/uploads\/2024\/05\/AdobeStock_486022013-300x200.jpeg 300w, https:\/\/www.prosensio.fr\/wp-content\/uploads\/2024\/05\/AdobeStock_486022013-768x512.jpeg 768w, https:\/\/www.prosensio.fr\/wp-content\/uploads\/2024\/05\/AdobeStock_486022013-1536x1025.jpeg 1536w, https:\/\/www.prosensio.fr\/wp-content\/uploads\/2024\/05\/AdobeStock_486022013-2048x1366.jpeg 2048w, https:\/\/www.prosensio.fr\/wp-content\/uploads\/2024\/05\/AdobeStock_486022013-600x400.jpeg 600w\" sizes=\"(max-width: 1024px) 100vw, 1024px\" \/><\/figure>\n<\/div>\n\n\n<div class=\"wp-block-essential-blocks-advanced-heading\"><div class=\"eb-parent-wrapper eb-parent-eb-advance-heading-wc0om \"><div class=\"eb-advance-heading-wrapper eb-advance-heading-wc0om button-1\" data-id=\"eb-advance-heading-wc0om\"><h5 class=\"eb-ah-title\"><br>Les valeurs d\u2019une entreprise d\u00e9finissent son identit\u00e9, guident ses actions et influencent sa culture. La confiance, l\u2019engagement et la collaboration sont des piliers essentiels qui renforcent la coh\u00e9sion et cr\u00e9ent un environnement propice \u00e0 l\u2019innovation et \u00e0 la r\u00e9ussite.<br><br><\/h5><\/div><\/div><\/div>\n\n\n\n<div style=\"height:50px\" aria-hidden=\"true\" class=\"wp-block-spacer\"><\/div>\n\n\n\n<div class=\"wp-block-media-text has-media-on-the-right is-stacked-on-mobile is-vertically-aligned-center\" style=\"grid-template-columns:auto 15%\"><div class=\"wp-block-media-text__content\">\n<h3 class=\"wp-block-heading\" style=\"font-size:30px\">LA CONFIANCE<\/h3>\n\n\n\n<p>Nous croyons que la confiance est essentielle pour \u00e9tablir des relations durables avec nos clients et nos partenaires. Nous nous engageons \u00e0 \u00eatre transparents, honn\u00eates et \u00e0 respecter nos engagements. Vous pouvez compter sur nous pour fournir des solutions fiables et adapt\u00e9es \u00e0 vos besoins.<\/p>\n<\/div><figure class=\"wp-block-media-text__media\"><img decoding=\"async\" width=\"500\" height=\"500\" src=\"https:\/\/www.prosensio.fr\/wp-content\/uploads\/2024\/06\/Confiance.png\" alt=\"\" class=\"wp-image-339 size-full\" srcset=\"https:\/\/www.prosensio.fr\/wp-content\/uploads\/2024\/06\/Confiance.png 500w, https:\/\/www.prosensio.fr\/wp-content\/uploads\/2024\/06\/Confiance-300x300.png 300w, https:\/\/www.prosensio.fr\/wp-content\/uploads\/2024\/06\/Confiance-150x150.png 150w\" sizes=\"(max-width: 500px) 100vw, 500px\" \/><\/figure><\/div>\n\n\n\n<div style=\"height:50px\" aria-hidden=\"true\" class=\"wp-block-spacer\"><\/div>\n\n\n\n<div class=\"wp-block-media-text has-media-on-the-right is-stacked-on-mobile\" style=\"grid-template-columns:auto 15%\"><div class=\"wp-block-media-text__content\">\n<h3 class=\"wp-block-heading\" style=\"font-size:30px\">L&rsquo;ENGAGEMENT<\/h3>\n\n\n\n<p>Chez nous, l\u2019engagement va au-del\u00e0 des mots. Nous nous investissons pleinement dans chaque projet, en mettant en \u0153uvre notre expertise technique et notre passion pour l\u2019automatisme et l\u2019informatique industrielle. Votre succ\u00e8s est notre succ\u00e8s, et nous sommes d\u00e9termin\u00e9s \u00e0 vous accompagner \u00e0 chaque \u00e9tape de votre projet.<\/p>\n<\/div><figure class=\"wp-block-media-text__media\"><img decoding=\"async\" width=\"500\" height=\"500\" src=\"https:\/\/www.prosensio.fr\/wp-content\/uploads\/2024\/06\/Engagement.png\" alt=\"\" class=\"wp-image-340 size-full\" srcset=\"https:\/\/www.prosensio.fr\/wp-content\/uploads\/2024\/06\/Engagement.png 500w, https:\/\/www.prosensio.fr\/wp-content\/uploads\/2024\/06\/Engagement-300x300.png 300w, https:\/\/www.prosensio.fr\/wp-content\/uploads\/2024\/06\/Engagement-150x150.png 150w\" sizes=\"(max-width: 500px) 100vw, 500px\" \/><\/figure><\/div>\n\n\n\n<div style=\"height:50px\" aria-hidden=\"true\" class=\"wp-block-spacer\"><\/div>\n\n\n\n<div class=\"wp-block-media-text has-media-on-the-right is-stacked-on-mobile\" style=\"grid-template-columns:auto 15%\"><div class=\"wp-block-media-text__content\">\n<h3 class=\"wp-block-heading\" style=\"font-size:30px\">LA COLLABORATION<\/h3>\n\n\n\n<p>Nous croyons que la collaboration est la cl\u00e9 de l\u2019innovation. Nous travaillons main dans la main avec nos clients, en \u00e9coutant leurs besoins, en partageant nos id\u00e9es et en co-cr\u00e9ant des solutions sur mesure. Ensemble, nous construisons un avenir plus efficace et plus performant pour votre entreprise.<\/p>\n<\/div><figure class=\"wp-block-media-text__media\"><img loading=\"lazy\" decoding=\"async\" width=\"602\" height=\"594\" src=\"https:\/\/www.prosensio.fr\/wp-content\/uploads\/2024\/06\/Collaboration.png\" alt=\"\" class=\"wp-image-341 size-full\" srcset=\"https:\/\/www.prosensio.fr\/wp-content\/uploads\/2024\/06\/Collaboration.png 602w, https:\/\/www.prosensio.fr\/wp-content\/uploads\/2024\/06\/Collaboration-300x296.png 300w\" sizes=\"(max-width: 602px) 100vw, 602px\" \/><\/figure><\/div>\n\n\n\n<div class=\"wp-block-columns is-layout-flex wp-container-core-columns-is-layout-9d6595d7 wp-block-columns-is-layout-flex\">\n<div class=\"wp-block-column is-layout-flow wp-block-column-is-layout-flow\" style=\"flex-basis:100%\"><\/div>\n<\/div>\n\n\n\n<div style=\"height:60px\" aria-hidden=\"true\" class=\"wp-block-spacer\"><\/div>\n\n\n\n<div class=\"wp-block-essential-blocks-advanced-image\"><div class=\"eb-parent-wrapper eb-parent-eb-advanced-image-bq43t \"><figure class=\"eb-advanced-image-wrapper eb-advanced-image-bq43t img-style-rounded caption-style-1 caption-horizontal-center caption-vertical-bottom bottom no-effect\" data-id=\"eb-advanced-image-bq43t\"><div class=\"image-wrapper\"><img decoding=\"async\" src=\"http:\/\/www.prosensio.fr\/wp-content\/uploads\/2024\/05\/bandeau-horizontal-fin.jpg\" alt=\"\"\/><\/div><\/figure><\/div><\/div>\n","protected":false},"excerpt":{"rendered":"<p>LA CONFIANCE Nous croyons que la confiance est essentielle pour \u00e9tablir des relations durables avec nos clients et nos partenaires. Nous nous engageons \u00e0 \u00eatre transparents, honn\u00eates et \u00e0 respecter nos engagements. Vous pouvez compter sur nous pour fournir des solutions fiables et adapt\u00e9es \u00e0 vos besoins. L&rsquo;ENGAGEMENT Chez nous, l\u2019engagement va au-del\u00e0 des mots. Nous nous investissons pleinement dans [&hellip;]<\/p>\n","protected":false},"author":1,"featured_media":0,"parent":0,"menu_order":0,"comment_status":"closed","ping_status":"closed","template":"page-templates\/full-width-container.php","meta":{"_eb_attr":"","om_disable_all_campaigns":false,"_monsterinsights_skip_tracking":false,"_monsterinsights_sitenote_active":false,"_monsterinsights_sitenote_note":"","_monsterinsights_sitenote_category":0,"footnotes":""},"class_list":["post-93","page","type-page","status-publish","hentry"],"aioseo_notices":[],"_links":{"self":[{"href":"https:\/\/www.prosensio.fr\/index.php\/wp-json\/wp\/v2\/pages\/93","targetHints":{"allow":["GET"]}}],"collection":[{"href":"https:\/\/www.prosensio.fr\/index.php\/wp-json\/wp\/v2\/pages"}],"about":[{"href":"https:\/\/www.prosensio.fr\/index.php\/wp-json\/wp\/v2\/types\/page"}],"author":[{"embeddable":true,"href":"https:\/\/www.prosensio.fr\/index.php\/wp-json\/wp\/v2\/users\/1"}],"replies":[{"embeddable":true,"href":"https:\/\/www.prosensio.fr\/index.php\/wp-json\/wp\/v2\/comments?post=93"}],"version-history":[{"count":26,"href":"https:\/\/www.prosensio.fr\/index.php\/wp-json\/wp\/v2\/pages\/93\/revisions"}],"predecessor-version":[{"id":342,"href":"https:\/\/www.prosensio.fr\/index.php\/wp-json\/wp\/v2\/pages\/93\/revisions\/342"}],"wp:attachment":[{"href":"https:\/\/www.prosensio.fr\/index.php\/wp-json\/wp\/v2\/media?parent=93"}],"curies":[{"name":"wp","href":"https:\/\/api.w.org\/{rel}","templated":true}]}}